{"id":104,"date":"2024-08-19T22:38:02","date_gmt":"2024-08-19T20:38:02","guid":{"rendered":"https:\/\/maryseguez.com\/?page_id=104"},"modified":"2025-07-13T13:08:48","modified_gmt":"2025-07-13T11:08:48","slug":"hypnose","status":"publish","type":"page","link":"https:\/\/maryseguez.com\/index.php\/hypnose\/","title":{"rendered":"Hypnose"},"content":{"rendered":"\n<h2 class=\"wp-block-heading has-text-align-center\"><strong>\u00ab L\u2019hypnose au service de votre transformation, en toute bienveillance. \u00bb<\/strong><\/h2>\n\n\n\n<p class=\"has-text-align-center\"><em><strong>Form\u00e9e \u00e0 l\u2019\u00c9cole d\u2019Illana Waserstyn<\/strong><\/em><\/p>\n\n\n\n<p>L\u2019Hypnose Int\u00e9grative\u00ae est une approche moderne de l\u2019hypnoth\u00e9rapie, combinant plusieurs courants comme l\u2019hypnose ericksonienne, nouvelle et classique. <br>Cette m\u00e9thode dynamique permet d\u2019atteindre un \u00e9tat hypnotique en quelques secondes, avec des techniques comme l\u2019Hypnose Flash\u00ae, qui induit des changements rapides et profonds.<\/p>\n\n\n\n<p>Personnalis\u00e9e et sur-mesure, chaque s\u00e9ance d\u2019Hypnose Int\u00e9grative\u00ae est con\u00e7ue dans le respect total du patient, en s\u2019appuyant sur ses propres mots et symboles. \u00c0 travers un entretien approfondi, nous d\u00e9finissons ensemble un objectif positif, correspondant \u00e0 l\u2019\u00e9tat de bien-\u00eatre que vous souhaitez atteindre. Mon r\u00f4le est de vous accompagner dans votre cheminement personnel, en respectant votre subjectivit\u00e9, pour des r\u00e9sultats concrets en quelques minutes seulement.<\/p>\n","protected":false},"excerpt":{"rendered":"<p>\u00ab L\u2019hypnose au service de votre transformation, en toute bienveillance. \u00bb Form\u00e9e \u00e0 l\u2019\u00c9cole d\u2019Illana Waserstyn L\u2019Hypnose Int\u00e9grative\u00ae est une approche moderne de l\u2019hypnoth\u00e9rapie, combinant plusieurs courants comme l\u2019hypnose ericksonienne, nouvelle et classique. Cette m\u00e9thode dynamique permet d\u2019atteindre un \u00e9tat hypnotique en quelques secondes, avec des techniques comme l\u2019Hypnose Flash\u00ae, qui induit des changements rapides [&hellip;]<\/p>\n","protected":false},"author":1,"featured_media":0,"parent":0,"menu_order":0,"comment_status":"closed","ping_status":"closed","template":"","meta":{"footnotes":""},"class_list":["post-104","page","type-page","status-publish","hentry"],"_links":{"self":[{"href":"https:\/\/maryseguez.com\/index.php\/wp-json\/wp\/v2\/pages\/104","targetHints":{"allow":["GET"]}}],"collection":[{"href":"https:\/\/maryseguez.com\/index.php\/wp-json\/wp\/v2\/pages"}],"about":[{"href":"https:\/\/maryseguez.com\/index.php\/wp-json\/wp\/v2\/types\/page"}],"author":[{"embeddable":true,"href":"https:\/\/maryseguez.com\/index.php\/wp-json\/wp\/v2\/users\/1"}],"replies":[{"embeddable":true,"href":"https:\/\/maryseguez.com\/index.php\/wp-json\/wp\/v2\/comments?post=104"}],"version-history":[{"count":5,"href":"https:\/\/maryseguez.com\/index.php\/wp-json\/wp\/v2\/pages\/104\/revisions"}],"predecessor-version":[{"id":223,"href":"https:\/\/maryseguez.com\/index.php\/wp-json\/wp\/v2\/pages\/104\/revisions\/223"}],"wp:attachment":[{"href":"https:\/\/maryseguez.com\/index.php\/wp-json\/wp\/v2\/media?parent=104"}],"curies":[{"name":"wp","href":"https:\/\/api.w.org\/{rel}","templated":true}]}}