{"id":177,"date":"2025-07-13T12:42:53","date_gmt":"2025-07-13T10:42:53","guid":{"rendered":"https:\/\/maryseguez.com\/?page_id=177"},"modified":"2025-07-13T13:06:21","modified_gmt":"2025-07-13T11:06:21","slug":"chi-nei-tsang","status":"publish","type":"page","link":"https:\/\/maryseguez.com\/index.php\/chi-nei-tsang\/","title":{"rendered":"Chi Nei Tsang"},"content":{"rendered":"\n<h2 class=\"wp-block-heading has-text-align-center\"><strong>C&rsquo;est quoi le <br>Chi Nei Tsang ?<br>\u00ab\u00a0Et si ton ventre avait des choses \u00e0 te dire ?\u00a0\u00bb<\/strong><\/h2>\n\n\n\n<p>Le Chi Nei Tsang est un massage visc\u00e9ral ancestral, originaire de la Chine tao\u00efste. En m\u00e9decine chinoise, le ventre n\u2019est pas qu\u2019un organe digestif\u2026 C\u2019est ton deuxi\u00e8me cerveau.<br>C&rsquo;est dans notre estomac, notre rate, notre pancr\u00e9as, notre foie et nos reins que nous stockons nos \u00e9motions.<br>Cette technique de massage aux nombreux bienfaits, lib\u00e8re les tensions, les \u00e9motions bloqu\u00e9es et les \u00e9nergies stagnantes qui s\u2019accumulent dans le ventre. Elle poss\u00e8de un impact tant psychologique que physique. Ce soin doux, profond, est comme une lecture de ce que ton corps garde en m\u00e9moire.  Et souvent, ce qu\u2019on lib\u00e8re ici\u2026 d\u00e9bloque bien plus que la digestion<\/p>\n\n\n\n<figure class=\"wp-block-image size-large\"><img loading=\"lazy\" decoding=\"async\" width=\"683\" height=\"1024\" src=\"https:\/\/maryseguez.com\/wp-content\/uploads\/2025\/07\/maryse1-683x1024.jpg\" alt=\"\" class=\"wp-image-184\" srcset=\"https:\/\/maryseguez.com\/wp-content\/uploads\/2025\/07\/maryse1-683x1024.jpg 683w, https:\/\/maryseguez.com\/wp-content\/uploads\/2025\/07\/maryse1-200x300.jpg 200w, https:\/\/maryseguez.com\/wp-content\/uploads\/2025\/07\/maryse1-768x1152.jpg 768w, https:\/\/maryseguez.com\/wp-content\/uploads\/2025\/07\/maryse1.jpg 1024w\" sizes=\"auto, (max-width: 683px) 100vw, 683px\" \/><\/figure>\n","protected":false},"excerpt":{"rendered":"<p>C&rsquo;est quoi le Chi Nei Tsang ?\u00ab\u00a0Et si ton ventre avait des choses \u00e0 te dire ?\u00a0\u00bb Le Chi Nei Tsang est un massage visc\u00e9ral ancestral, originaire de la Chine tao\u00efste. En m\u00e9decine chinoise, le ventre n\u2019est pas qu\u2019un organe digestif\u2026 C\u2019est ton deuxi\u00e8me cerveau.C&rsquo;est dans notre estomac, notre rate, notre pancr\u00e9as, notre foie et [&hellip;]<\/p>\n","protected":false},"author":1,"featured_media":0,"parent":0,"menu_order":0,"comment_status":"closed","ping_status":"closed","template":"","meta":{"footnotes":""},"class_list":["post-177","page","type-page","status-publish","hentry"],"_links":{"self":[{"href":"https:\/\/maryseguez.com\/index.php\/wp-json\/wp\/v2\/pages\/177","targetHints":{"allow":["GET"]}}],"collection":[{"href":"https:\/\/maryseguez.com\/index.php\/wp-json\/wp\/v2\/pages"}],"about":[{"href":"https:\/\/maryseguez.com\/index.php\/wp-json\/wp\/v2\/types\/page"}],"author":[{"embeddable":true,"href":"https:\/\/maryseguez.com\/index.php\/wp-json\/wp\/v2\/users\/1"}],"replies":[{"embeddable":true,"href":"https:\/\/maryseguez.com\/index.php\/wp-json\/wp\/v2\/comments?post=177"}],"version-history":[{"count":14,"href":"https:\/\/maryseguez.com\/index.php\/wp-json\/wp\/v2\/pages\/177\/revisions"}],"predecessor-version":[{"id":218,"href":"https:\/\/maryseguez.com\/index.php\/wp-json\/wp\/v2\/pages\/177\/revisions\/218"}],"wp:attachment":[{"href":"https:\/\/maryseguez.com\/index.php\/wp-json\/wp\/v2\/media?parent=177"}],"curies":[{"name":"wp","href":"https:\/\/api.w.org\/{rel}","templated":true}]}}